{"id":87,"date":"2014-10-23T09:24:42","date_gmt":"2014-10-23T09:24:42","guid":{"rendered":"http:\/\/xml-io.proteusthemes.com\/buildpress\/?page_id=87"},"modified":"2023-01-15T21:33:04","modified_gmt":"2023-01-15T20:33:04","slug":"hochbeete-kraeuterspirale","status":"publish","type":"page","link":"https:\/\/www.integra-lahr.de\/index.php\/dienstleistungen\/hochbeete-kraeuterspirale\/","title":{"rendered":"Hochbeete &#038; Kr\u00e4uterspirale"},"content":{"rendered":"<div id=\"pl-87\"  class=\"panel-layout\" ><div id=\"pg-87-0\"  class=\"panel-grid panel-no-style\" ><div id=\"pgc-87-0-0\"  class=\"panel-grid-cell\" ><div id=\"panel-87-0-0-0\" class=\"so-panel widget widget_black-studio-tinymce widget_black_studio_tinymce panel-first-child panel-last-child\" data-index=\"0\" ><div class=\"textwidget\"><h3><span style=\"color: #ff3330;\">Vorteile<\/span><\/h3>\n<p>Hochbeete und Kr\u00e4uterspirale sind ein Muss f\u00fcr jeden Hobbykoch mit Garten. Die Bepflanzung mit mediterranen Kr\u00e4utern ist nicht nur f\u00fcr den Gaumen ein Genuss. Auch Auge und Nase freuen sich \u00fcber die Vielfalt an Farben und Ger\u00fcchen.<br \/>\nDas Arbeiten am Hochbeet l\u00e4sst sich mit gew\u00f6hnlicher Gartenarbeit nicht vergleichen. Ihr R\u00fccken wird das best\u00e4tigen.<\/p>\n<\/div><\/div><\/div><div id=\"pgc-87-0-1\"  class=\"panel-grid-cell\" ><div id=\"panel-87-0-1-0\" class=\"so-panel widget widget_media_image panel-first-child panel-last-child\" data-index=\"1\" ><img loading=\"lazy\" decoding=\"async\" width=\"1024\" height=\"768\" src=\"https:\/\/www.integra-lahr.de\/wp-content\/uploads\/2020\/03\/003-1024x768.jpg\" class=\"image wp-image-3362  attachment-large size-large\" alt=\"\" style=\"max-width: 100%; height: auto;\" srcset=\"https:\/\/www.integra-lahr.de\/wp-content\/uploads\/2020\/03\/003-1024x768.jpg 1024w, https:\/\/www.integra-lahr.de\/wp-content\/uploads\/2020\/03\/003-300x225.jpg 300w, https:\/\/www.integra-lahr.de\/wp-content\/uploads\/2020\/03\/003-768x576.jpg 768w, https:\/\/www.integra-lahr.de\/wp-content\/uploads\/2020\/03\/003-1536x1152.jpg 1536w, https:\/\/www.integra-lahr.de\/wp-content\/uploads\/2020\/03\/003-2048x1536.jpg 2048w, https:\/\/www.integra-lahr.de\/wp-content\/uploads\/2020\/03\/003-555x416.jpg 555w, https:\/\/www.integra-lahr.de\/wp-content\/uploads\/2020\/03\/003-100x75.jpg 100w, https:\/\/www.integra-lahr.de\/wp-content\/uploads\/2020\/03\/003-600x450.jpg 600w\" sizes=\"auto, (max-width: 1024px) 100vw, 1024px\" \/><\/div><\/div><\/div><div id=\"pg-87-1\"  class=\"panel-grid panel-no-style\" ><div id=\"pgc-87-1-0\"  class=\"panel-grid-cell\" ><div id=\"panel-87-1-0-0\" class=\"so-panel widget widget_media_image panel-first-child panel-last-child\" data-index=\"2\" ><img loading=\"lazy\" decoding=\"async\" width=\"1024\" height=\"768\" src=\"https:\/\/www.integra-lahr.de\/wp-content\/uploads\/2020\/03\/PICT0719-1024x768.jpg\" class=\"image wp-image-3364  attachment-large size-large\" alt=\"\" style=\"max-width: 100%; height: auto;\" srcset=\"https:\/\/www.integra-lahr.de\/wp-content\/uploads\/2020\/03\/PICT0719-1024x768.jpg 1024w, https:\/\/www.integra-lahr.de\/wp-content\/uploads\/2020\/03\/PICT0719-300x225.jpg 300w, https:\/\/www.integra-lahr.de\/wp-content\/uploads\/2020\/03\/PICT0719-768x576.jpg 768w, https:\/\/www.integra-lahr.de\/wp-content\/uploads\/2020\/03\/PICT0719-1536x1152.jpg 1536w, https:\/\/www.integra-lahr.de\/wp-content\/uploads\/2020\/03\/PICT0719-2048x1536.jpg 2048w, https:\/\/www.integra-lahr.de\/wp-content\/uploads\/2020\/03\/PICT0719-555x416.jpg 555w, https:\/\/www.integra-lahr.de\/wp-content\/uploads\/2020\/03\/PICT0719-100x75.jpg 100w, https:\/\/www.integra-lahr.de\/wp-content\/uploads\/2020\/03\/PICT0719-600x450.jpg 600w\" sizes=\"auto, (max-width: 1024px) 100vw, 1024px\" \/><\/div><\/div><div id=\"pgc-87-1-1\"  class=\"panel-grid-cell\" ><div id=\"panel-87-1-1-0\" class=\"so-panel widget widget_media_image panel-first-child panel-last-child\" data-index=\"3\" ><img loading=\"lazy\" decoding=\"async\" width=\"1024\" height=\"768\" src=\"https:\/\/www.integra-lahr.de\/wp-content\/uploads\/2020\/03\/PA031076-1024x768.jpg\" class=\"image wp-image-3363  attachment-large size-large\" alt=\"\" style=\"max-width: 100%; height: auto;\" srcset=\"https:\/\/www.integra-lahr.de\/wp-content\/uploads\/2020\/03\/PA031076-1024x768.jpg 1024w, https:\/\/www.integra-lahr.de\/wp-content\/uploads\/2020\/03\/PA031076-300x225.jpg 300w, https:\/\/www.integra-lahr.de\/wp-content\/uploads\/2020\/03\/PA031076-768x576.jpg 768w, https:\/\/www.integra-lahr.de\/wp-content\/uploads\/2020\/03\/PA031076-1536x1152.jpg 1536w, https:\/\/www.integra-lahr.de\/wp-content\/uploads\/2020\/03\/PA031076-2048x1536.jpg 2048w, https:\/\/www.integra-lahr.de\/wp-content\/uploads\/2020\/03\/PA031076-555x416.jpg 555w, https:\/\/www.integra-lahr.de\/wp-content\/uploads\/2020\/03\/PA031076-100x75.jpg 100w, https:\/\/www.integra-lahr.de\/wp-content\/uploads\/2020\/03\/PA031076-600x450.jpg 600w\" sizes=\"auto, (max-width: 1024px) 100vw, 1024px\" \/><\/div><\/div><\/div><\/div>","protected":false},"excerpt":{"rendered":"<p>Hochbeete und Kr\u00e4uterspirale sind ein Muss f\u00fcr jeden Hobbykoch mit Garten. Die Bepflanzung mit mediterranen Kr\u00e4utern ist nicht nur f\u00fcr den Gaumen&#8230;<\/p>\n","protected":false},"author":1,"featured_media":3363,"parent":49,"menu_order":0,"comment_status":"closed","ping_status":"closed","template":"","meta":{"_acf_changed":false,"footnotes":""},"class_list":["post-87","page","type-page","status-publish","has-post-thumbnail","hentry"],"acf":[],"_links":{"self":[{"href":"https:\/\/www.integra-lahr.de\/index.php\/wp-json\/wp\/v2\/pages\/87","targetHints":{"allow":["GET"]}}],"collection":[{"href":"https:\/\/www.integra-lahr.de\/index.php\/wp-json\/wp\/v2\/pages"}],"about":[{"href":"https:\/\/www.integra-lahr.de\/index.php\/wp-json\/wp\/v2\/types\/page"}],"author":[{"embeddable":true,"href":"https:\/\/www.integra-lahr.de\/index.php\/wp-json\/wp\/v2\/users\/1"}],"replies":[{"embeddable":true,"href":"https:\/\/www.integra-lahr.de\/index.php\/wp-json\/wp\/v2\/comments?post=87"}],"version-history":[{"count":13,"href":"https:\/\/www.integra-lahr.de\/index.php\/wp-json\/wp\/v2\/pages\/87\/revisions"}],"predecessor-version":[{"id":4304,"href":"https:\/\/www.integra-lahr.de\/index.php\/wp-json\/wp\/v2\/pages\/87\/revisions\/4304"}],"up":[{"embeddable":true,"href":"https:\/\/www.integra-lahr.de\/index.php\/wp-json\/wp\/v2\/pages\/49"}],"wp:featuredmedia":[{"embeddable":true,"href":"https:\/\/www.integra-lahr.de\/index.php\/wp-json\/wp\/v2\/media\/3363"}],"wp:attachment":[{"href":"https:\/\/www.integra-lahr.de\/index.php\/wp-json\/wp\/v2\/media?parent=87"}],"curies":[{"name":"wp","href":"https:\/\/api.w.org\/{rel}","templated":true}]}}